{"id":32097,"date":"2026-02-26T14:19:39","date_gmt":"2026-02-26T13:19:39","guid":{"rendered":"https:\/\/leadershipstars.eu\/r25\/?page_id=32097"},"modified":"2026-02-26T14:37:19","modified_gmt":"2026-02-26T13:37:19","slug":"widerrufsbelehrung","status":"publish","type":"page","link":"https:\/\/leadershipstars.eu\/r25\/woo-pages\/widerrufsbelehrung\/","title":{"rendered":"Widerrufsbelehrung"},"content":{"rendered":"\t\t<div data-elementor-type=\"wp-page\" data-elementor-id=\"32097\" class=\"elementor elementor-32097\" data-elementor-post-type=\"page\">\n\t\t\t\t\t\t<section class=\"elementor-section elementor-top-section elementor-element elementor-element-245a9b2e elementor-section-boxed elementor-section-height-default elementor-section-height-default\" data-id=\"245a9b2e\" data-element_type=\"section\" data-e-type=\"section\">\n\t\t\t\t\t\t<div class=\"elementor-container elementor-column-gap-default\">\n\t\t\t\t\t<div class=\"elementor-column elementor-col-100 elementor-top-column elementor-element elementor-element-7f0db78a\" data-id=\"7f0db78a\" data-element_type=\"column\" data-e-type=\"column\" data-settings=\"{&quot;background_background&quot;:&quot;classic&quot;}\">\n\t\t\t<div class=\"elementor-widget-wrap elementor-element-populated\">\n\t\t\t\t\t\t<div class=\"elementor-element elementor-element-27ea777 elementor-widget elementor-widget-text-editor\" data-id=\"27ea777\" data-element_type=\"widget\" data-e-type=\"widget\" data-widget_type=\"text-editor.default\">\n\t\t\t\t<div class=\"elementor-widget-container\">\n\t\t\t\t\t\t\t\t\t<h1>Widerrufsbelehrung &amp; Widerrufsformular<\/h1><h4>1. Widerrufsbelehrung<\/h4><p><b>Widerrufsrecht<\/b><br \/>Sie haben das Recht, binnen vierzehn Tagen ohne Angabe von Gr\u00fcnden diesen Vertrag zu widerrufen. Die Widerrufsfrist betr\u00e4gt vierzehn Tage ab dem Tag des Vertragsabschlusses.<br \/>Um Ihr Widerrufsrecht auszu\u00fcben, m\u00fcssen Sie uns (<strong>LEBEN-F\u00dcHREN GmbH, Nachtbleek 10, DE-30457 Hannover, E-Mail: info@leben-fuehren.de<\/strong>) mittels einer eindeutigen Erkl\u00e4rung (z. B. ein mit der Post versandter Brief oder eine E-Mail) \u00fcber Ihren Entschluss, diesen Vertrag zu widerrufen, informieren. Sie k\u00f6nnen daf\u00fcr das beigef\u00fcgte Muster-Widerrufsformular verwenden, das jedoch nicht vorgeschrieben ist.<\/p><p>Zur Wahrung der Widerrufsfrist reicht es aus, dass Sie die Mitteilung \u00fcber die Aus\u00fcbung des Widerrufsrechts vor Ablauf der Widerrufsfrist absenden.<br \/><b>Folgen des Widerrufs<\/b><\/p><p>Wenn Sie diesen Vertrag widerrufen, haben wir Ihnen alle Zahlungen, die wir von Ihnen erhalten haben, einschlie\u00dflich der Lieferkosten (mit Ausnahme der zus\u00e4tzlichen Kosten, die sich daraus ergeben, dass Sie eine andere Art der Lieferung als die von uns angebotene, g\u00fcnstigste Standardlieferung gew\u00e4hlt haben), unverz\u00fcglich und sp\u00e4testens binnen vierzehn Tagen ab dem Tag zur\u00fcckzuzahlen, an dem die Mitteilung \u00fcber Ihren Widerruf dieses Vertrags bei uns eingegangen ist. F\u00fcr diese R\u00fcckzahlung verwenden wir dasselbe Zahlungsmittel, das Sie bei der urspr\u00fcnglichen Transaktion eingesetzt haben, es sei denn, mit Ihnen wurde ausdr\u00fccklich etwas anderes vereinbart; in keinem Fall werden Ihnen wegen dieser R\u00fcckzahlung Entgelte berechnet.<\/p><p data-path-to-node=\"9\"><b data-path-to-node=\"9\" data-index-in-node=\"0\">Besondere Hinweise zum vorzeitigen Erl\u00f6schen oder Nichtbestehen des Widerrufsrechts:<\/b><\/p><ol><li><b>Kein Widerrufsrecht bei Termingesch\u00e4ften:<\/b> Gem\u00e4\u00df \u00a7 312g Abs. 2 Nr. 9 BGB besteht das Widerrufsrecht <b>nicht<\/b> bei Vertr\u00e4gen zur Erbringung von Dienstleistungen im Zusammenhang mit Freizeitbet\u00e4tigungen, wenn der Vertrag f\u00fcr die Erbringung einen spezifischen Termin oder Zeitraum vorsieht. Dies gilt f\u00fcr unsere termingebundenen Seminare und Veranstaltungen.<\/li><li><b>Vorzeitiges Erl\u00f6schen:<\/b> Bei Dienstleistungen (z. B. Online-Coaching), die nicht unter die obige Ausnahme fallen, erlischt Ihr Widerrufsrecht <span class=\"citation-97\">vorzeitig, wenn wir die Dienstleistung vollst\u00e4ndig erbracht haben und mit der Ausf\u00fchrung der Dienstleistung erst begonnen haben, nachdem Sie dazu Ihre ausdr\u00fcckliche Zustimmung gegeben haben und gleichzeitig Ihre Kenntnis <\/span><span class=\"citation-96 citation-97 citation-end-97\">davon best\u00e4tigt haben, dass Sie Ihr Widerrufsrecht bei vollst\u00e4ndiger Vertragserf\u00fcllung durch uns verlieren<\/span><span class=\"citation-96 citation-end-96\">.<\/span><\/li><\/ol><p>\u00a0<\/p><hr \/><h4>2. Muster-Widerrufsformular<\/h4><p>(Wenn Sie den Vertrag widerrufen wollen, dann f\u00fcllen Sie bitte dieses Formular aus und senden Sie es zur\u00fcck.)<\/p><ul><li><b>An:<\/b> LEBEN-F\u00dcHREN GmbH, Nachtbleek 10, DE-30457 Hannover, E-Mail: info@leben-fuehren.de<\/li><li>Hiermit widerrufe(n) ich\/wir () den von mir\/uns () abgeschlossenen Vertrag \u00fcber den Kauf der folgenden Waren ()\/die Erbringung der folgenden Dienstleistung ()<\/li><li>Bestellt am ()\/erhalten am ()<\/li><li>Name des\/der Verbraucher(s)<\/li><li>Anschrift des\/der Verbraucher(s)<\/li><li>Unterschrift des\/der Verbraucher(s) (nur bei Mitteilung auf Papier)<\/li><li>Datum<\/li><\/ul><p>(*) Unzutreffendes streichen.\u200d<\/p><p style=\"text-align: right;\">Stand Februar 2026<\/p>\t\t\t\t\t\t\t\t<\/div>\n\t\t\t\t<\/div>\n\t\t\t\t\t<\/div>\n\t\t<\/div>\n\t\t\t\t\t<\/div>\n\t\t<\/section>\n\t\t\t\t<\/div>\n\t\t","protected":false},"excerpt":{"rendered":"<p>Widerrufsbelehrung &amp; Widerrufsformular 1. Widerrufsbelehrung WiderrufsrechtSie haben das Recht, binnen vierzehn Tagen ohne Angabe von Gr\u00fcnden diesen Vertrag zu widerrufen. Die Widerrufsfrist betr\u00e4gt vierzehn Tage ab dem Tag des Vertragsabschlusses.Um Ihr Widerrufsrecht auszu\u00fcben, m\u00fcssen Sie uns (LEBEN-F\u00dcHREN GmbH, Nachtbleek 10, DE-30457 Hannover, E-Mail: info@leben-fuehren.de) mittels einer eindeutigen Erkl\u00e4rung (z. B. ein mit der Post versandter [&hellip;]<\/p>\n","protected":false},"author":16,"featured_media":0,"parent":12186,"menu_order":0,"comment_status":"closed","ping_status":"closed","template":"","meta":{"pmpro_default_level":"","site-sidebar-layout":"default","site-content-layout":"default","ast-site-content-layout":"default","site-content-style":"default","site-sidebar-style":"default","ast-global-header-display":"","ast-banner-title-visibility":"","ast-main-header-display":"","ast-hfb-above-header-display":"","ast-hfb-below-header-display":"","ast-hfb-mobile-header-display":"","site-post-title":"disabled","ast-breadcrumbs-content":"","ast-featured-img":"","footer-sml-layout":"","ast-disable-related-posts":"","theme-transparent-header-meta":"default","adv-header-id-meta":"","stick-header-meta":"default","header-above-stick-meta":"","header-main-stick-meta":"","header-below-stick-meta":"","astra-migrate-meta-layouts":"set","ast-page-background-enabled":"default","ast-page-background-meta":{"desktop":{"background-color":"","background-image":"","background-repeat":"repeat","background-position":"center center","background-size":"auto","background-attachment":"scroll","background-type":"","background-media":"","overlay-type":"","overlay-color":"","overlay-opacity":"","overlay-gradient":""},"tablet":{"background-color":"","background-image":"","background-repeat":"repeat","background-position":"center center","background-size":"auto","background-attachment":"scroll","background-type":"","background-media":"","overlay-type":"","overlay-color":"","overlay-opacity":"","overlay-gradient":""},"mobile":{"background-color":"","background-image":"","background-repeat":"repeat","background-position":"center center","background-size":"auto","background-attachment":"scroll","background-type":"","background-media":"","overlay-type":"","overlay-color":"","overlay-opacity":"","overlay-gradient":""}},"ast-content-background-meta":{"desktop":{"background-color":"var(--ast-global-color-5)","background-image":"","background-repeat":"repeat","background-position":"center center","background-size":"auto","background-attachment":"scroll","background-type":"","background-media":"","overlay-type":"","overlay-color":"","overlay-opacity":"","overlay-gradient":""},"tablet":{"background-color":"var(--ast-global-color-5)","background-image":"","background-repeat":"repeat","background-position":"center center","background-size":"auto","background-attachment":"scroll","background-type":"","background-media":"","overlay-type":"","overlay-color":"","overlay-opacity":"","overlay-gradient":""},"mobile":{"background-color":"var(--ast-global-color-5)","background-image":"","background-repeat":"repeat","background-position":"center center","background-size":"auto","background-attachment":"scroll","background-type":"","background-media":"","overlay-type":"","overlay-color":"","overlay-opacity":"","overlay-gradient":""}},"footnotes":""},"class_list":["post-32097","page","type-page","status-publish","hentry","pmpro-has-access"],"yoast_head":"<!-- This site is optimized with the Yoast SEO plugin v27.3 - https:\/\/yoast.com\/product\/yoast-seo-wordpress\/ -->\n<title>Widerrufsbelehrung | LEBEN-F\u00dcHREN<\/title>\n<meta name=\"robots\" content=\"index, follow, max-snippet:-1, max-image-preview:large, max-video-preview:-1\" \/>\n<link rel=\"canonical\" href=\"https:\/\/leadershipstars.eu\/r25\/woo-pages\/widerrufsbelehrung\/\" \/>\n<meta property=\"og:locale\" content=\"de_DE\" \/>\n<meta property=\"og:type\" content=\"article\" \/>\n<meta property=\"og:title\" content=\"Widerrufsbelehrung | LEBEN-F\u00dcHREN\" \/>\n<meta property=\"og:description\" content=\"Widerrufsbelehrung &amp; Widerrufsformular 1. Widerrufsbelehrung WiderrufsrechtSie haben das Recht, binnen vierzehn Tagen ohne Angabe von Gr\u00fcnden diesen Vertrag zu widerrufen. Die Widerrufsfrist betr\u00e4gt vierzehn Tage ab dem Tag des Vertragsabschlusses.Um Ihr Widerrufsrecht auszu\u00fcben, m\u00fcssen Sie uns (LEBEN-F\u00dcHREN GmbH, Nachtbleek 10, DE-30457 Hannover, E-Mail: info@leben-fuehren.de) mittels einer eindeutigen Erkl\u00e4rung (z. B. ein mit der Post versandter [&hellip;]\" \/>\n<meta property=\"og:url\" content=\"https:\/\/leadershipstars.eu\/r25\/woo-pages\/widerrufsbelehrung\/\" \/>\n<meta property=\"og:site_name\" content=\"LEBEN-F\u00dcHREN\" \/>\n<meta property=\"article:modified_time\" content=\"2026-02-26T13:37:19+00:00\" \/>\n<meta name=\"twitter:card\" content=\"summary_large_image\" \/>\n<script type=\"application\/ld+json\" class=\"yoast-schema-graph\">{\"@context\":\"https:\\\/\\\/schema.org\",\"@graph\":[{\"@type\":\"WebPage\",\"@id\":\"https:\\\/\\\/leadershipstars.eu\\\/r25\\\/woo-pages\\\/widerrufsbelehrung\\\/\",\"url\":\"https:\\\/\\\/leadershipstars.eu\\\/r25\\\/woo-pages\\\/widerrufsbelehrung\\\/\",\"name\":\"Widerrufsbelehrung | LEBEN-F\u00dcHREN\",\"isPartOf\":{\"@id\":\"https:\\\/\\\/leadershipstars.eu\\\/r25\\\/#website\"},\"datePublished\":\"2026-02-26T13:19:39+00:00\",\"dateModified\":\"2026-02-26T13:37:19+00:00\",\"breadcrumb\":{\"@id\":\"https:\\\/\\\/leadershipstars.eu\\\/r25\\\/woo-pages\\\/widerrufsbelehrung\\\/#breadcrumb\"},\"inLanguage\":\"de\",\"potentialAction\":[{\"@type\":\"ReadAction\",\"target\":[\"https:\\\/\\\/leadershipstars.eu\\\/r25\\\/woo-pages\\\/widerrufsbelehrung\\\/\"]}]},{\"@type\":\"BreadcrumbList\",\"@id\":\"https:\\\/\\\/leadershipstars.eu\\\/r25\\\/woo-pages\\\/widerrufsbelehrung\\\/#breadcrumb\",\"itemListElement\":[{\"@type\":\"ListItem\",\"position\":1,\"name\":\"Startseite\",\"item\":\"https:\\\/\\\/leadershipstars.eu\\\/r25\\\/\"},{\"@type\":\"ListItem\",\"position\":2,\"name\":\"Woo Pages\",\"item\":\"https:\\\/\\\/leadershipstars.eu\\\/r25\\\/woo-pages\\\/\"},{\"@type\":\"ListItem\",\"position\":3,\"name\":\"Widerrufsbelehrung\"}]},{\"@type\":\"WebSite\",\"@id\":\"https:\\\/\\\/leadershipstars.eu\\\/r25\\\/#website\",\"url\":\"https:\\\/\\\/leadershipstars.eu\\\/r25\\\/\",\"name\":\"LEBEN-F\u00dcHREN\",\"description\":\"\",\"publisher\":{\"@id\":\"https:\\\/\\\/leadershipstars.eu\\\/r25\\\/#organization\"},\"potentialAction\":[{\"@type\":\"SearchAction\",\"target\":{\"@type\":\"EntryPoint\",\"urlTemplate\":\"https:\\\/\\\/leadershipstars.eu\\\/r25\\\/?s={search_term_string}\"},\"query-input\":{\"@type\":\"PropertyValueSpecification\",\"valueRequired\":true,\"valueName\":\"search_term_string\"}}],\"inLanguage\":\"de\"},{\"@type\":\"Organization\",\"@id\":\"https:\\\/\\\/leadershipstars.eu\\\/r25\\\/#organization\",\"name\":\"LEBEN-F\u00dcHREN\",\"url\":\"https:\\\/\\\/leadershipstars.eu\\\/r25\\\/\",\"logo\":{\"@type\":\"ImageObject\",\"inLanguage\":\"de\",\"@id\":\"https:\\\/\\\/leadershipstars.eu\\\/r25\\\/#\\\/schema\\\/logo\\\/image\\\/\",\"url\":\"https:\\\/\\\/leadershipstars.eu\\\/r25\\\/wp-content\\\/uploads\\\/sites\\\/27\\\/2025\\\/09\\\/LF-Logo-4bg-R25.png\",\"contentUrl\":\"https:\\\/\\\/leadershipstars.eu\\\/r25\\\/wp-content\\\/uploads\\\/sites\\\/27\\\/2025\\\/09\\\/LF-Logo-4bg-R25.png\",\"width\":1837,\"height\":158,\"caption\":\"LEBEN-F\u00dcHREN\"},\"image\":{\"@id\":\"https:\\\/\\\/leadershipstars.eu\\\/r25\\\/#\\\/schema\\\/logo\\\/image\\\/\"}}]}<\/script>\n<!-- \/ Yoast SEO plugin. -->","yoast_head_json":{"title":"Widerrufsbelehrung | LEBEN-F\u00dcHREN","robots":{"index":"index","follow":"follow","max-snippet":"max-snippet:-1","max-image-preview":"max-image-preview:large","max-video-preview":"max-video-preview:-1"},"canonical":"https:\/\/leadershipstars.eu\/r25\/woo-pages\/widerrufsbelehrung\/","og_locale":"de_DE","og_type":"article","og_title":"Widerrufsbelehrung | LEBEN-F\u00dcHREN","og_description":"Widerrufsbelehrung &amp; Widerrufsformular 1. Widerrufsbelehrung WiderrufsrechtSie haben das Recht, binnen vierzehn Tagen ohne Angabe von Gr\u00fcnden diesen Vertrag zu widerrufen. Die Widerrufsfrist betr\u00e4gt vierzehn Tage ab dem Tag des Vertragsabschlusses.Um Ihr Widerrufsrecht auszu\u00fcben, m\u00fcssen Sie uns (LEBEN-F\u00dcHREN GmbH, Nachtbleek 10, DE-30457 Hannover, E-Mail: info@leben-fuehren.de) mittels einer eindeutigen Erkl\u00e4rung (z. B. ein mit der Post versandter [&hellip;]","og_url":"https:\/\/leadershipstars.eu\/r25\/woo-pages\/widerrufsbelehrung\/","og_site_name":"LEBEN-F\u00dcHREN","article_modified_time":"2026-02-26T13:37:19+00:00","twitter_card":"summary_large_image","schema":{"@context":"https:\/\/schema.org","@graph":[{"@type":"WebPage","@id":"https:\/\/leadershipstars.eu\/r25\/woo-pages\/widerrufsbelehrung\/","url":"https:\/\/leadershipstars.eu\/r25\/woo-pages\/widerrufsbelehrung\/","name":"Widerrufsbelehrung | LEBEN-F\u00dcHREN","isPartOf":{"@id":"https:\/\/leadershipstars.eu\/r25\/#website"},"datePublished":"2026-02-26T13:19:39+00:00","dateModified":"2026-02-26T13:37:19+00:00","breadcrumb":{"@id":"https:\/\/leadershipstars.eu\/r25\/woo-pages\/widerrufsbelehrung\/#breadcrumb"},"inLanguage":"de","potentialAction":[{"@type":"ReadAction","target":["https:\/\/leadershipstars.eu\/r25\/woo-pages\/widerrufsbelehrung\/"]}]},{"@type":"BreadcrumbList","@id":"https:\/\/leadershipstars.eu\/r25\/woo-pages\/widerrufsbelehrung\/#breadcrumb","itemListElement":[{"@type":"ListItem","position":1,"name":"Startseite","item":"https:\/\/leadershipstars.eu\/r25\/"},{"@type":"ListItem","position":2,"name":"Woo Pages","item":"https:\/\/leadershipstars.eu\/r25\/woo-pages\/"},{"@type":"ListItem","position":3,"name":"Widerrufsbelehrung"}]},{"@type":"WebSite","@id":"https:\/\/leadershipstars.eu\/r25\/#website","url":"https:\/\/leadershipstars.eu\/r25\/","name":"LEBEN-F\u00dcHREN","description":"","publisher":{"@id":"https:\/\/leadershipstars.eu\/r25\/#organization"},"potentialAction":[{"@type":"SearchAction","target":{"@type":"EntryPoint","urlTemplate":"https:\/\/leadershipstars.eu\/r25\/?s={search_term_string}"},"query-input":{"@type":"PropertyValueSpecification","valueRequired":true,"valueName":"search_term_string"}}],"inLanguage":"de"},{"@type":"Organization","@id":"https:\/\/leadershipstars.eu\/r25\/#organization","name":"LEBEN-F\u00dcHREN","url":"https:\/\/leadershipstars.eu\/r25\/","logo":{"@type":"ImageObject","inLanguage":"de","@id":"https:\/\/leadershipstars.eu\/r25\/#\/schema\/logo\/image\/","url":"https:\/\/leadershipstars.eu\/r25\/wp-content\/uploads\/sites\/27\/2025\/09\/LF-Logo-4bg-R25.png","contentUrl":"https:\/\/leadershipstars.eu\/r25\/wp-content\/uploads\/sites\/27\/2025\/09\/LF-Logo-4bg-R25.png","width":1837,"height":158,"caption":"LEBEN-F\u00dcHREN"},"image":{"@id":"https:\/\/leadershipstars.eu\/r25\/#\/schema\/logo\/image\/"}}]}},"_links":{"self":[{"href":"https:\/\/leadershipstars.eu\/r25\/wp-json\/wp\/v2\/pages\/32097","targetHints":{"allow":["GET"]}}],"collection":[{"href":"https:\/\/leadershipstars.eu\/r25\/wp-json\/wp\/v2\/pages"}],"about":[{"href":"https:\/\/leadershipstars.eu\/r25\/wp-json\/wp\/v2\/types\/page"}],"author":[{"embeddable":true,"href":"https:\/\/leadershipstars.eu\/r25\/wp-json\/wp\/v2\/users\/16"}],"replies":[{"embeddable":true,"href":"https:\/\/leadershipstars.eu\/r25\/wp-json\/wp\/v2\/comments?post=32097"}],"version-history":[{"count":0,"href":"https:\/\/leadershipstars.eu\/r25\/wp-json\/wp\/v2\/pages\/32097\/revisions"}],"up":[{"embeddable":true,"href":"https:\/\/leadershipstars.eu\/r25\/wp-json\/wp\/v2\/pages\/12186"}],"wp:attachment":[{"href":"https:\/\/leadershipstars.eu\/r25\/wp-json\/wp\/v2\/media?parent=32097"}],"curies":[{"name":"wp","href":"https:\/\/api.w.org\/{rel}","templated":true}]}}