{"id":19796,"date":"2023-05-18T15:09:17","date_gmt":"2023-05-18T13:09:17","guid":{"rendered":"https:\/\/leadershipstars.eu\/v4\/?post_type=product&#038;p=19796"},"modified":"2026-03-03T11:28:12","modified_gmt":"2026-03-03T10:28:12","slug":"kk-1m","status":"publish","type":"product","link":"https:\/\/leadershipstars.eu\/v4\/product\/kk-1m\/","title":{"rendered":"KARRIEREkatalysator <sup><small>1M<\/small><\/sup>"},"content":{"rendered":"","protected":false},"excerpt":{"rendered":"<p>KARRIEREkatalysator Mitgliedschaft f\u00fcr sechs Monate<\/p>\n<ul>\n<li>Voller Zugriff auf die Inhalte<\/li>\n<li>W\u00f6chentliche Themencalls<\/li>\n<li>Exklusive w\u00f6chentliche Focuscalls<\/li>\n<li>On-Demand-Chat mit Olaf Kapinski<\/li>\n<li>1x 400\u20ac brutto monatlich<\/li>\n<\/ul>\n","protected":false},"featured_media":29276,"template":"","meta":{"pmpro_default_level":"","site-sidebar-layout":"default","site-content-layout":"default","ast-site-content-layout":"default","site-content-style":"default","site-sidebar-style":"default","ast-global-header-display":"","ast-banner-title-visibility":"","ast-main-header-display":"disabled","ast-hfb-above-header-display":"","ast-hfb-below-header-display":"","ast-hfb-mobile-header-display":"","site-post-title":"disabled","ast-breadcrumbs-content":"","ast-featured-img":"disabled","footer-sml-layout":"","ast-disable-related-posts":"","theme-transparent-header-meta":"default","adv-header-id-meta":"","stick-header-meta":"","header-above-stick-meta":"","header-main-stick-meta":"","header-below-stick-meta":"","astra-migrate-meta-layouts":"set","ast-page-background-enabled":"default","ast-page-background-meta":{"desktop":{"background-color":"","background-image":"","background-repeat":"repeat","background-position":"center center","background-size":"auto","background-attachment":"scroll","background-type":"","background-media":"","overlay-type":"","overlay-color":"","overlay-opacity":"","overlay-gradient":""},"tablet":{"background-color":"","background-image":"","background-repeat":"repeat","background-position":"center center","background-size":"auto","background-attachment":"scroll","background-type":"","background-media":"","overlay-type":"","overlay-color":"","overlay-opacity":"","overlay-gradient":""},"mobile":{"background-color":"","background-image":"","background-repeat":"repeat","background-position":"center center","background-size":"auto","background-attachment":"scroll","background-type":"","background-media":"","overlay-type":"","overlay-color":"","overlay-opacity":"","overlay-gradient":""}},"ast-content-background-meta":{"desktop":{"background-color":"var(--ast-global-color-5)","background-image":"","background-repeat":"repeat","background-position":"center center","background-size":"auto","background-attachment":"scroll","background-type":"","background-media":"","overlay-type":"","overlay-color":"","overlay-opacity":"","overlay-gradient":""},"tablet":{"background-color":"var(--ast-global-color-5)","background-image":"","background-repeat":"repeat","background-position":"center center","background-size":"auto","background-attachment":"scroll","background-type":"","background-media":"","overlay-type":"","overlay-color":"","overlay-opacity":"","overlay-gradient":""},"mobile":{"background-color":"var(--ast-global-color-5)","background-image":"","background-repeat":"repeat","background-position":"center center","background-size":"auto","background-attachment":"scroll","background-type":"","background-media":"","overlay-type":"","overlay-color":"","overlay-opacity":"","overlay-gradient":""}}},"product_brand":[],"product_cat":[214,234],"product_tag":[],"class_list":{"0":"post-19796","1":"product","2":"type-product","3":"status-publish","4":"has-post-thumbnail","6":"product_cat-pp-auto","7":"product_cat-kk","8":"pmpro-has-access","9":"desktop-align-center","10":"tablet-align-left","11":"mobile-align-left","12":"ast-product-gallery-layout-horizontal","13":"ast-product-gallery-with-no-image","14":"ast-magnify-disabled","16":"first","17":"instock","18":"virtual","19":"taxable","20":"purchasable","21":"product-type-simple"},"yoast_head":"<!-- This site is optimized with the Yoast SEO plugin v27.4 - https:\/\/yoast.com\/product\/yoast-seo-wordpress\/ -->\n<title>KARRIEREkatalysator 1M | LEBEN-F\u00dcHREN<\/title>\n<meta name=\"robots\" content=\"noindex, follow\" \/>\n<meta property=\"og:locale\" content=\"en_US\" \/>\n<meta property=\"og:type\" content=\"article\" \/>\n<meta property=\"og:title\" content=\"KARRIEREkatalysator 1M | LEBEN-F\u00dcHREN\" \/>\n<meta property=\"og:description\" content=\"KARRIEREkatalysator Mitgliedschaft f\u00fcr sechs Monate   Voller Zugriff auf die Inhalte  W\u00f6chentliche Themencalls  Exklusive w\u00f6chentliche Focuscalls  On-Demand-Chat mit Olaf Kapinski  1x 400\u20ac brutto monatlich\" \/>\n<meta property=\"og:url\" content=\"https:\/\/leadershipstars.eu\/v4\/product\/kk-1m\/\" \/>\n<meta property=\"og:site_name\" content=\"LEBEN-F\u00dcHREN\" \/>\n<meta property=\"article:modified_time\" content=\"2026-03-03T10:28:12+00:00\" \/>\n<meta property=\"og:image\" content=\"https:\/\/leadershipstars.eu\/v4\/wp-content\/uploads\/sites\/22\/2023\/05\/Cover-KK-V.25.12-500.jpg\" \/>\n\t<meta property=\"og:image:width\" content=\"500\" \/>\n\t<meta property=\"og:image:height\" content=\"500\" \/>\n\t<meta property=\"og:image:type\" content=\"image\/jpeg\" \/>\n<meta name=\"twitter:card\" content=\"summary_large_image\" \/>\n<script type=\"application\/ld+json\" class=\"yoast-schema-graph\">{\"@context\":\"https:\\\/\\\/schema.org\",\"@graph\":[{\"@type\":\"WebPage\",\"@id\":\"https:\\\/\\\/leadershipstars.eu\\\/v4\\\/product\\\/kk-1m\\\/\",\"url\":\"https:\\\/\\\/leadershipstars.eu\\\/v4\\\/product\\\/kk-1m\\\/\",\"name\":\"KARRIEREkatalysator 1M | LEBEN-F\u00dcHREN\",\"isPartOf\":{\"@id\":\"https:\\\/\\\/leadershipstars.eu\\\/v4\\\/#website\"},\"primaryImageOfPage\":{\"@id\":\"https:\\\/\\\/leadershipstars.eu\\\/v4\\\/product\\\/kk-1m\\\/#primaryimage\"},\"image\":{\"@id\":\"https:\\\/\\\/leadershipstars.eu\\\/v4\\\/product\\\/kk-1m\\\/#primaryimage\"},\"thumbnailUrl\":\"https:\\\/\\\/leadershipstars.eu\\\/v4\\\/wp-content\\\/uploads\\\/sites\\\/22\\\/2023\\\/05\\\/Cover-KK-V.25.12-500.jpg\",\"datePublished\":\"2023-05-18T13:09:17+00:00\",\"dateModified\":\"2026-03-03T10:28:12+00:00\",\"breadcrumb\":{\"@id\":\"https:\\\/\\\/leadershipstars.eu\\\/v4\\\/product\\\/kk-1m\\\/#breadcrumb\"},\"inLanguage\":\"en-US\",\"potentialAction\":[{\"@type\":\"ReadAction\",\"target\":[\"https:\\\/\\\/leadershipstars.eu\\\/v4\\\/product\\\/kk-1m\\\/\"]}]},{\"@type\":\"ImageObject\",\"inLanguage\":\"en-US\",\"@id\":\"https:\\\/\\\/leadershipstars.eu\\\/v4\\\/product\\\/kk-1m\\\/#primaryimage\",\"url\":\"https:\\\/\\\/leadershipstars.eu\\\/v4\\\/wp-content\\\/uploads\\\/sites\\\/22\\\/2023\\\/05\\\/Cover-KK-V.25.12-500.jpg\",\"contentUrl\":\"https:\\\/\\\/leadershipstars.eu\\\/v4\\\/wp-content\\\/uploads\\\/sites\\\/22\\\/2023\\\/05\\\/Cover-KK-V.25.12-500.jpg\",\"width\":500,\"height\":500},{\"@type\":\"BreadcrumbList\",\"@id\":\"https:\\\/\\\/leadershipstars.eu\\\/v4\\\/product\\\/kk-1m\\\/#breadcrumb\",\"itemListElement\":[{\"@type\":\"ListItem\",\"position\":1,\"name\":\"Startseite\",\"item\":\"https:\\\/\\\/leadershipstars.eu\\\/v4\\\/\"},{\"@type\":\"ListItem\",\"position\":2,\"name\":\"Shop\",\"item\":\"https:\\\/\\\/leadershipstars.eu\\\/v4\\\/shop\\\/\"},{\"@type\":\"ListItem\",\"position\":3,\"name\":\"KARRIEREkatalysator 1M\"}]},{\"@type\":\"WebSite\",\"@id\":\"https:\\\/\\\/leadershipstars.eu\\\/v4\\\/#website\",\"url\":\"https:\\\/\\\/leadershipstars.eu\\\/v4\\\/\",\"name\":\"LEBEN-F\u00dcHREN\",\"description\":\"continue getting better\",\"publisher\":{\"@id\":\"https:\\\/\\\/leadershipstars.eu\\\/v4\\\/#organization\"},\"potentialAction\":[{\"@type\":\"SearchAction\",\"target\":{\"@type\":\"EntryPoint\",\"urlTemplate\":\"https:\\\/\\\/leadershipstars.eu\\\/v4\\\/?s={search_term_string}\"},\"query-input\":{\"@type\":\"PropertyValueSpecification\",\"valueRequired\":true,\"valueName\":\"search_term_string\"}}],\"inLanguage\":\"en-US\"},{\"@type\":\"Organization\",\"@id\":\"https:\\\/\\\/leadershipstars.eu\\\/v4\\\/#organization\",\"name\":\"LEBEN-F\u00dcHREN\",\"url\":\"https:\\\/\\\/leadershipstars.eu\\\/v4\\\/\",\"logo\":{\"@type\":\"ImageObject\",\"inLanguage\":\"en-US\",\"@id\":\"https:\\\/\\\/leadershipstars.eu\\\/v4\\\/#\\\/schema\\\/logo\\\/image\\\/\",\"url\":\"https:\\\/\\\/leadershipstars.eu\\\/v4\\\/wp-content\\\/uploads\\\/sites\\\/22\\\/2020\\\/04\\\/LS-Logo-V.4.1-250x76-1.png\",\"contentUrl\":\"https:\\\/\\\/leadershipstars.eu\\\/v4\\\/wp-content\\\/uploads\\\/sites\\\/22\\\/2020\\\/04\\\/LS-Logo-V.4.1-250x76-1.png\",\"width\":250,\"height\":76,\"caption\":\"LEBEN-F\u00dcHREN\"},\"image\":{\"@id\":\"https:\\\/\\\/leadershipstars.eu\\\/v4\\\/#\\\/schema\\\/logo\\\/image\\\/\"}}]}<\/script>\n<!-- \/ Yoast SEO plugin. -->","yoast_head_json":{"title":"KARRIEREkatalysator 1M | LEBEN-F\u00dcHREN","robots":{"index":"noindex","follow":"follow"},"og_locale":"en_US","og_type":"article","og_title":"KARRIEREkatalysator 1M | LEBEN-F\u00dcHREN","og_description":"KARRIEREkatalysator Mitgliedschaft f\u00fcr sechs Monate   Voller Zugriff auf die Inhalte  W\u00f6chentliche Themencalls  Exklusive w\u00f6chentliche Focuscalls  On-Demand-Chat mit Olaf Kapinski  1x 400\u20ac brutto monatlich","og_url":"https:\/\/leadershipstars.eu\/v4\/product\/kk-1m\/","og_site_name":"LEBEN-F\u00dcHREN","article_modified_time":"2026-03-03T10:28:12+00:00","og_image":[{"width":500,"height":500,"url":"https:\/\/leadershipstars.eu\/v4\/wp-content\/uploads\/sites\/22\/2023\/05\/Cover-KK-V.25.12-500.jpg","type":"image\/jpeg"}],"twitter_card":"summary_large_image","schema":{"@context":"https:\/\/schema.org","@graph":[{"@type":"WebPage","@id":"https:\/\/leadershipstars.eu\/v4\/product\/kk-1m\/","url":"https:\/\/leadershipstars.eu\/v4\/product\/kk-1m\/","name":"KARRIEREkatalysator 1M | LEBEN-F\u00dcHREN","isPartOf":{"@id":"https:\/\/leadershipstars.eu\/v4\/#website"},"primaryImageOfPage":{"@id":"https:\/\/leadershipstars.eu\/v4\/product\/kk-1m\/#primaryimage"},"image":{"@id":"https:\/\/leadershipstars.eu\/v4\/product\/kk-1m\/#primaryimage"},"thumbnailUrl":"https:\/\/leadershipstars.eu\/v4\/wp-content\/uploads\/sites\/22\/2023\/05\/Cover-KK-V.25.12-500.jpg","datePublished":"2023-05-18T13:09:17+00:00","dateModified":"2026-03-03T10:28:12+00:00","breadcrumb":{"@id":"https:\/\/leadershipstars.eu\/v4\/product\/kk-1m\/#breadcrumb"},"inLanguage":"en-US","potentialAction":[{"@type":"ReadAction","target":["https:\/\/leadershipstars.eu\/v4\/product\/kk-1m\/"]}]},{"@type":"ImageObject","inLanguage":"en-US","@id":"https:\/\/leadershipstars.eu\/v4\/product\/kk-1m\/#primaryimage","url":"https:\/\/leadershipstars.eu\/v4\/wp-content\/uploads\/sites\/22\/2023\/05\/Cover-KK-V.25.12-500.jpg","contentUrl":"https:\/\/leadershipstars.eu\/v4\/wp-content\/uploads\/sites\/22\/2023\/05\/Cover-KK-V.25.12-500.jpg","width":500,"height":500},{"@type":"BreadcrumbList","@id":"https:\/\/leadershipstars.eu\/v4\/product\/kk-1m\/#breadcrumb","itemListElement":[{"@type":"ListItem","position":1,"name":"Startseite","item":"https:\/\/leadershipstars.eu\/v4\/"},{"@type":"ListItem","position":2,"name":"Shop","item":"https:\/\/leadershipstars.eu\/v4\/shop\/"},{"@type":"ListItem","position":3,"name":"KARRIEREkatalysator 1M"}]},{"@type":"WebSite","@id":"https:\/\/leadershipstars.eu\/v4\/#website","url":"https:\/\/leadershipstars.eu\/v4\/","name":"LEBEN-F\u00dcHREN","description":"continue getting better","publisher":{"@id":"https:\/\/leadershipstars.eu\/v4\/#organization"},"potentialAction":[{"@type":"SearchAction","target":{"@type":"EntryPoint","urlTemplate":"https:\/\/leadershipstars.eu\/v4\/?s={search_term_string}"},"query-input":{"@type":"PropertyValueSpecification","valueRequired":true,"valueName":"search_term_string"}}],"inLanguage":"en-US"},{"@type":"Organization","@id":"https:\/\/leadershipstars.eu\/v4\/#organization","name":"LEBEN-F\u00dcHREN","url":"https:\/\/leadershipstars.eu\/v4\/","logo":{"@type":"ImageObject","inLanguage":"en-US","@id":"https:\/\/leadershipstars.eu\/v4\/#\/schema\/logo\/image\/","url":"https:\/\/leadershipstars.eu\/v4\/wp-content\/uploads\/sites\/22\/2020\/04\/LS-Logo-V.4.1-250x76-1.png","contentUrl":"https:\/\/leadershipstars.eu\/v4\/wp-content\/uploads\/sites\/22\/2020\/04\/LS-Logo-V.4.1-250x76-1.png","width":250,"height":76,"caption":"LEBEN-F\u00dcHREN"},"image":{"@id":"https:\/\/leadershipstars.eu\/v4\/#\/schema\/logo\/image\/"}}]}},"_links":{"self":[{"href":"https:\/\/leadershipstars.eu\/v4\/wp-json\/wp\/v2\/product\/19796","targetHints":{"allow":["GET"]}}],"collection":[{"href":"https:\/\/leadershipstars.eu\/v4\/wp-json\/wp\/v2\/product"}],"about":[{"href":"https:\/\/leadershipstars.eu\/v4\/wp-json\/wp\/v2\/types\/product"}],"wp:featuredmedia":[{"embeddable":true,"href":"https:\/\/leadershipstars.eu\/v4\/wp-json\/wp\/v2\/media\/29276"}],"wp:attachment":[{"href":"https:\/\/leadershipstars.eu\/v4\/wp-json\/wp\/v2\/media?parent=19796"}],"wp:term":[{"taxonomy":"product_brand","embeddable":true,"href":"https:\/\/leadershipstars.eu\/v4\/wp-json\/wp\/v2\/product_brand?post=19796"},{"taxonomy":"product_cat","embeddable":true,"href":"https:\/\/leadershipstars.eu\/v4\/wp-json\/wp\/v2\/product_cat?post=19796"},{"taxonomy":"product_tag","embeddable":true,"href":"https:\/\/leadershipstars.eu\/v4\/wp-json\/wp\/v2\/product_tag?post=19796"}],"curies":[{"name":"wp","href":"https:\/\/api.w.org\/{rel}","templated":true}]}}